{"id":111,"date":"2016-06-27T21:41:46","date_gmt":"2016-06-27T21:41:46","guid":{"rendered":"http:\/\/kgv-inderbraeuke.de\/?page_id=111"},"modified":"2017-04-23T11:23:46","modified_gmt":"2017-04-23T09:23:46","slug":"recht-und-ordnung","status":"publish","type":"page","link":"https:\/\/www.kgv-inderbraeuke.de\/?page_id=111","title":{"rendered":"Links und Partner"},"content":{"rendered":"<p>Auf dieser Seite wollen wir ein paar interessante Verlinkungen zu Verb\u00e4nden und Partnern geben. F\u00fcr alle externen Links \u00fcbernehmen wir keine Verantwortung (siehe Impressum).<\/p>\n<table>\n<tbody>\n<tr>\n<td><a href=\"http:\/\/www.bzv-bottrop.de\/stadt-bezirksverband\/\" target=\"_blank\"><img loading=\"lazy\" decoding=\"async\" class=\"alignnone size-medium wp-image-569\" src=\"https:\/\/www.kgv-inderbraeuke.de\/wp-content\/uploads\/2016\/02\/bzvLogo1-292x300.jpg\" alt=\"bzvLogo1\" width=\"292\" height=\"300\" srcset=\"https:\/\/www.kgv-inderbraeuke.de\/wp-content\/uploads\/2016\/02\/bzvLogo1-292x300.jpg 292w, https:\/\/www.kgv-inderbraeuke.de\/wp-content\/uploads\/2016\/02\/bzvLogo1.jpg 526w\" sizes=\"(max-width: 292px) 100vw, 292px\" \/><\/a><\/td>\n<td>Bezirksverband der Kleing\u00e4rtner e.V. Bottrop<\/p>\n<p>Walter Althammer<br \/>\nEichendorffstr. 149a<br \/>\n46242 Bottrop<\/p>\n<p>&nbsp;<\/p>\n<p>Link:\u00a0<a href=\"http:\/\/www.bzv-bottrop.de\/stadt-bezirksverband\/\" target=\"_blank\">http:\/\/www.bzv-bottrop.de\/stadt-bezirksverband\/<\/a><\/p>\n<p>Dachverband der 15 Kleingartenvereine in Bottrop<\/td>\n<\/tr>\n<tr>\n<td>\u00a0<img loading=\"lazy\" decoding=\"async\" class=\"alignnone size-medium wp-image-781\" src=\"https:\/\/www.kgv-inderbraeuke.de\/wp-content\/uploads\/2016\/06\/Fotolia_40114762_M-300x300.jpg\" alt=\"\" width=\"300\" height=\"300\" srcset=\"https:\/\/www.kgv-inderbraeuke.de\/wp-content\/uploads\/2016\/06\/Fotolia_40114762_M-300x300.jpg 300w, https:\/\/www.kgv-inderbraeuke.de\/wp-content\/uploads\/2016\/06\/Fotolia_40114762_M-150x150.jpg 150w, https:\/\/www.kgv-inderbraeuke.de\/wp-content\/uploads\/2016\/06\/Fotolia_40114762_M-768x768.jpg 768w, https:\/\/www.kgv-inderbraeuke.de\/wp-content\/uploads\/2016\/06\/Fotolia_40114762_M-1024x1024.jpg 1024w, https:\/\/www.kgv-inderbraeuke.de\/wp-content\/uploads\/2016\/06\/Fotolia_40114762_M.jpg 1378w\" sizes=\"(max-width: 300px) 100vw, 300px\" \/><\/td>\n<td>Hier findet Ihr das Formular zur\u00a0<a href=\"https:\/\/www.kgv-inderbraeuke.de\/wp-content\/uploads\/2016\/06\/Sach_Schadenanzeige_Securitas.pdf\">Sach_Schadenanzeige_Securitas<\/a><\/p>\n<p>zum Download als PDF.\u00a0F\u00fcr die Ansicht wird der Acrobat Reader ben\u00f6tigt.<\/p>\n<p>Hinweis: Im Schadensfall sollte jeder dieses Formular\u00a0dann individuell ausf\u00fcllen<\/p>\n<p>und mit ggf. erforderlichen Anlagen (Rechnungen, Kostenvoranschl\u00e4gen, etc.)<\/p>\n<p>\u00fcber den Vorstand, der den Formularkopf oben rechts noch erg\u00e4nzt, dann bei der<\/p>\n<p>Securitas einreichen. Die Versicherungssummen der jeweiligen Parzellen k\u00f6nnt<\/p>\n<p>Ihr der jeweiligen Beitragsrechnung am Jahresanfang entnehmen.<\/p>\n<p>Bei R\u00fcckfragen wendet Euch bitte an den Vorstand.<\/td>\n<\/tr>\n<tr>\n<td><\/td>\n<td><\/td>\n<\/tr>\n<\/tbody>\n<\/table>\n","protected":false},"excerpt":{"rendered":"<p>Auf dieser Seite wollen wir ein paar interessante Verlinkungen zu Verb\u00e4nden und Partnern geben. F\u00fcr alle externen Links \u00fcbernehmen wir keine Verantwortung (siehe Impressum). Bezirksverband der Kleing\u00e4rtner e.V. Bottrop Walter Althammer Eichendorffstr. 149a 46242 Bottrop &nbsp; Link:\u00a0http:\/\/www.bzv-bottrop.de\/stadt-bezirksverband\/ Dachverband der 15 Kleingartenvereine in Bottrop \u00a0 Hier findet Ihr das Formular zur\u00a0Sach_Schadenanzeige_Securitas zum Download als PDF.\u00a0F\u00fcr die [&hellip;]<\/p>\n","protected":false},"author":4,"featured_media":0,"parent":8,"menu_order":0,"comment_status":"closed","ping_status":"closed","template":"","meta":{"footnotes":""},"_links":{"self":[{"href":"https:\/\/www.kgv-inderbraeuke.de\/index.php?rest_route=\/wp\/v2\/pages\/111"}],"collection":[{"href":"https:\/\/www.kgv-inderbraeuke.de\/index.php?rest_route=\/wp\/v2\/pages"}],"about":[{"href":"https:\/\/www.kgv-inderbraeuke.de\/index.php?rest_route=\/wp\/v2\/types\/page"}],"author":[{"embeddable":true,"href":"https:\/\/www.kgv-inderbraeuke.de\/index.php?rest_route=\/wp\/v2\/users\/4"}],"replies":[{"embeddable":true,"href":"https:\/\/www.kgv-inderbraeuke.de\/index.php?rest_route=%2Fwp%2Fv2%2Fcomments&post=111"}],"version-history":[{"count":9,"href":"https:\/\/www.kgv-inderbraeuke.de\/index.php?rest_route=\/wp\/v2\/pages\/111\/revisions"}],"predecessor-version":[{"id":790,"href":"https:\/\/www.kgv-inderbraeuke.de\/index.php?rest_route=\/wp\/v2\/pages\/111\/revisions\/790"}],"up":[{"embeddable":true,"href":"https:\/\/www.kgv-inderbraeuke.de\/index.php?rest_route=\/wp\/v2\/pages\/8"}],"wp:attachment":[{"href":"https:\/\/www.kgv-inderbraeuke.de\/index.php?rest_route=%2Fwp%2Fv2%2Fmedia&parent=111"}],"curies":[{"name":"wp","href":"https:\/\/api.w.org\/{rel}","templated":true}]}}